{"id":4718,"date":"2022-04-21T08:58:58","date_gmt":"2022-04-21T08:58:58","guid":{"rendered":"https:\/\/www.promega-algerie.com\/?page_id=4718"},"modified":"2022-05-05T08:23:55","modified_gmt":"2022-05-05T08:23:55","slug":"cuisine-nostalgie","status":"publish","type":"page","link":"https:\/\/www.promega-algerie.com\/en\/cuisine-nostalgie\/","title":{"rendered":"Cuisine NOSTALGIE"},"content":{"rendered":"<div data-elementor-type=\"wp-page\" data-elementor-id=\"4718\" class=\"elementor elementor-4718\" data-elementor-settings=\"[]\">\n\t\t\t\t\t\t\t<div class=\"elementor-section-wrap\">\n\t\t\t\t\t\t\t<section class=\"elementor-section elementor-top-section elementor-element elementor-element-7dba9b80 elementor-section-boxed elementor-section-height-default elementor-section-height-default\" data-id=\"7dba9b80\" data-element_type=\"section\">\n\t\t\t\t\t\t<div class=\"elementor-container elementor-column-gap-default\">\n\t\t\t\t\t<div class=\"elementor-column elementor-col-100 elementor-top-column elementor-element elementor-element-33f6d4ae ot-flex-column-vertical\" data-id=\"33f6d4ae\" data-element_type=\"column\">\n\t\t\t<div class=\"elementor-widget-wrap elementor-element-populated\">\n\t\t\t\t\t\t\t\t<div class=\"elementor-element elementor-element-69d774d3 elementor-widget elementor-widget-spacer\" data-id=\"69d774d3\" data-element_type=\"widget\" data-widget_type=\"spacer.default\">\n\t\t\t\t<div class=\"elementor-widget-container\">\n\t\t\t\t\t<div class=\"elementor-spacer\">\n\t\t\t<div class=\"elementor-spacer-inner\"><\/div>\n\t\t<\/div>\n\t\t\t\t<\/div>\n\t\t\t\t<\/div>\n\t\t\t\t\t<\/div>\n\t\t<\/div>\n\t\t\t\t\t\t\t<\/div>\n\t\t<\/section>\n\t\t\t\t<section class=\"elementor-section elementor-top-section elementor-element elementor-element-53d5ef7f elementor-section-boxed elementor-section-height-default elementor-section-height-default\" data-id=\"53d5ef7f\" data-element_type=\"section\">\n\t\t\t\t\t\t<div class=\"elementor-container elementor-column-gap-default\">\n\t\t\t\t\t<div class=\"elementor-column elementor-col-100 elementor-top-column elementor-element elementor-element-24aadf46 ot-flex-column-vertical\" data-id=\"24aadf46\" data-element_type=\"column\">\n\t\t\t<div class=\"elementor-widget-wrap elementor-element-populated\">\n\t\t\t\t\t\t\t\t<section class=\"elementor-section elementor-inner-section elementor-element elementor-element-42c549f3 elementor-section-boxed elementor-section-height-default elementor-section-height-default\" data-id=\"42c549f3\" data-element_type=\"section\">\n\t\t\t\t\t\t<div class=\"elementor-container elementor-column-gap-default\">\n\t\t\t\t\t<div class=\"elementor-column elementor-col-100 elementor-inner-column elementor-element elementor-element-6294299d ot-flex-column-vertical\" data-id=\"6294299d\" data-element_type=\"column\">\n\t\t\t<div class=\"elementor-widget-wrap elementor-element-populated\">\n\t\t\t\t\t\t\t\t<div class=\"elementor-element elementor-element-7135daa elementor-widget elementor-widget-spacer\" data-id=\"7135daa\" data-element_type=\"widget\" data-widget_type=\"spacer.default\">\n\t\t\t\t<div class=\"elementor-widget-container\">\n\t\t\t\t\t<div class=\"elementor-spacer\">\n\t\t\t<div class=\"elementor-spacer-inner\"><\/div>\n\t\t<\/div>\n\t\t\t\t<\/div>\n\t\t\t\t<\/div>\n\t\t\t\t\t<\/div>\n\t\t<\/div>\n\t\t\t\t\t\t\t<\/div>\n\t\t<\/section>\n\t\t\t\t\t<\/div>\n\t\t<\/div>\n\t\t\t\t\t\t\t<\/div>\n\t\t<\/section>\n\t\t\t\t<section class=\"elementor-section elementor-top-section elementor-element elementor-element-1f30c935 elementor-section-boxed elementor-section-height-default elementor-section-height-default\" data-id=\"1f30c935\" data-element_type=\"section\">\n\t\t\t\t\t\t<div class=\"elementor-container elementor-column-gap-default\">\n\t\t\t\t\t<div class=\"elementor-column elementor-col-50 elementor-top-column elementor-element elementor-element-5e848d75 ot-flex-column-vertical\" data-id=\"5e848d75\" data-element_type=\"column\">\n\t\t\t<div class=\"elementor-widget-wrap elementor-element-populated\">\n\t\t\t\t\t\t\t\t<div class=\"elementor-element elementor-element-1585bc42 elementor-widget elementor-widget-spacer\" data-id=\"1585bc42\" data-element_type=\"widget\" data-widget_type=\"spacer.default\">\n\t\t\t\t<div class=\"elementor-widget-container\">\n\t\t\t\t\t<div class=\"elementor-spacer\">\n\t\t\t<div class=\"elementor-spacer-inner\"><\/div>\n\t\t<\/div>\n\t\t\t\t<\/div>\n\t\t\t\t<\/div>\n\t\t\t\t<div class=\"elementor-element elementor-element-3d494e74 elementor-widget elementor-widget-heading\" data-id=\"3d494e74\" data-element_type=\"widget\" data-widget_type=\"heading.default\">\n\t\t\t\t<div class=\"elementor-widget-container\">\n\t\t\t<style>\/*! elementor - v3.5.4 - 23-01-2022 *\/\n.elementor-heading-title{padding:0;margin:0;line-height:1}.elementor-widget-heading .elementor-heading-title[class*=elementor-size-]>a{color:inherit;font-size:inherit;line-height:inherit}.elementor-widget-heading .elementor-heading-title.elementor-size-small{font-size:15px}.elementor-widget-heading .elementor-heading-title.elementor-size-medium{font-size:19px}.elementor-widget-heading .elementor-heading-title.elementor-size-large{font-size:29px}.elementor-widget-heading .elementor-heading-title.elementor-size-xl{font-size:39px}.elementor-widget-heading .elementor-heading-title.elementor-size-xxl{font-size:59px}<\/style><h2 class=\"elementor-heading-title elementor-size-default\">Cuisine NOSTALGIE<\/h2>\t\t<\/div>\n\t\t\t\t<\/div>\n\t\t\t\t<div class=\"elementor-element elementor-element-3cf4026 elementor-widget elementor-widget-spacer\" data-id=\"3cf4026\" data-element_type=\"widget\" data-widget_type=\"spacer.default\">\n\t\t\t\t<div class=\"elementor-widget-container\">\n\t\t\t\t\t<div class=\"elementor-spacer\">\n\t\t\t<div class=\"elementor-spacer-inner\"><\/div>\n\t\t<\/div>\n\t\t\t\t<\/div>\n\t\t\t\t<\/div>\n\t\t\t\t<div class=\"elementor-element elementor-element-3743b6d elementor-widget elementor-widget-text-editor\" data-id=\"3743b6d\" data-element_type=\"widget\" data-widget_type=\"text-editor.default\">\n\t\t\t\t<div class=\"elementor-widget-container\">\n\t\t\t<style>\/*! elementor - v3.5.4 - 23-01-2022 *\/\n.elementor-widget-text-editor.elementor-drop-cap-view-stacked .elementor-drop-cap{background-color:#818a91;color:#fff}.elementor-widget-text-editor.elementor-drop-cap-view-framed .elementor-drop-cap{color:#818a91;border:3px solid;background-color:transparent}.elementor-widget-text-editor:not(.elementor-drop-cap-view-default) .elementor-drop-cap{margin-top:8px}.elementor-widget-text-editor:not(.elementor-drop-cap-view-default) .elementor-drop-cap-letter{width:1em;height:1em}.elementor-widget-text-editor .elementor-drop-cap{float:left;text-align:center;line-height:1;font-size:50px}.elementor-widget-text-editor .elementor-drop-cap-letter{display:inline-block}<\/style>\t\t\t\t<p class=\"MsoNormal\">Cette cuisine spacieuse allie authenticit\u00e9 et robustesse. Avec son encadrement apporte chaleur et nostalgie \u00e0 la pi\u00e8ce la plus utilis\u00e9e dans nos maisons. Un lieu de vie aux couleurs naturelles et apaisantes, qui pourrait vous s\u00e9duire <strong>(sur commande).<\/strong><\/p>\t\t\t\t\t\t<\/div>\n\t\t\t\t<\/div>\n\t\t\t\t\t<\/div>\n\t\t<\/div>\n\t\t\t\t<div class=\"elementor-column elementor-col-50 elementor-top-column elementor-element elementor-element-84d29ff ot-flex-column-vertical\" data-id=\"84d29ff\" data-element_type=\"column\">\n\t\t\t<div class=\"elementor-widget-wrap elementor-element-populated\">\n\t\t\t\t\t\t\t\t<div class=\"elementor-element elementor-element-3e4d3d50 elementor-widget elementor-widget-image\" data-id=\"3e4d3d50\" data-element_type=\"widget\" data-widget_type=\"image.default\">\n\t\t\t\t<div class=\"elementor-widget-container\">\n\t\t\t<style>\/*! elementor - v3.5.4 - 23-01-2022 *\/\n.elementor-widget-image{text-align:center}.elementor-widget-image a{display:inline-block}.elementor-widget-image a img[src$=\".svg\"]{width:48px}.elementor-widget-image img{vertical-align:middle;display:inline-block}<\/style>\t\t\t\t\t\t\t\t\t\t\t\t<img loading=\"lazy\" decoding=\"async\" width=\"777\" height=\"691\" src=\"https:\/\/www.promega-algerie.com\/wp-content\/uploads\/2022\/04\/SELECT-03.jpg\" class=\"attachment-full size-full\" alt=\"\" srcset=\"https:\/\/www.promega-algerie.com\/wp-content\/uploads\/2022\/04\/SELECT-03.jpg 777w, https:\/\/www.promega-algerie.com\/wp-content\/uploads\/2022\/04\/SELECT-03-300x267.jpg 300w, https:\/\/www.promega-algerie.com\/wp-content\/uploads\/2022\/04\/SELECT-03-768x683.jpg 768w, https:\/\/www.promega-algerie.com\/wp-content\/uploads\/2022\/04\/SELECT-03-13x12.jpg 13w\" sizes=\"auto, (max-width: 777px) 100vw, 777px\" \/>\t\t\t\t\t\t\t\t\t\t\t\t\t\t\t<\/div>\n\t\t\t\t<\/div>\n\t\t\t\t\t<\/div>\n\t\t<\/div>\n\t\t\t\t\t\t\t<\/div>\n\t\t<\/section>\n\t\t\t\t\t\t<\/div>\n\t\t\t\t\t<\/div>","protected":false},"excerpt":{"rendered":"<p>Cuisine NOSTALGIE Cette cuisine spacieuse allie authenticit\u00e9 et robustesse. Avec son encadrement apporte chaleur et nostalgie \u00e0 la pi\u00e8ce la plus utilis\u00e9e dans nos maisons. Un lieu de vie aux couleurs naturelles et apaisantes, qui pourrait vous s\u00e9duire (sur commande).<\/p>","protected":false},"author":1,"featured_media":0,"parent":0,"menu_order":0,"comment_status":"closed","ping_status":"closed","template":"","meta":{"footnotes":""},"class_list":["post-4718","page","type-page","status-publish","hentry"],"_links":{"self":[{"href":"https:\/\/www.promega-algerie.com\/en\/wp-json\/wp\/v2\/pages\/4718","targetHints":{"allow":["GET"]}}],"collection":[{"href":"https:\/\/www.promega-algerie.com\/en\/wp-json\/wp\/v2\/pages"}],"about":[{"href":"https:\/\/www.promega-algerie.com\/en\/wp-json\/wp\/v2\/types\/page"}],"author":[{"embeddable":true,"href":"https:\/\/www.promega-algerie.com\/en\/wp-json\/wp\/v2\/users\/1"}],"replies":[{"embeddable":true,"href":"https:\/\/www.promega-algerie.com\/en\/wp-json\/wp\/v2\/comments?post=4718"}],"version-history":[{"count":10,"href":"https:\/\/www.promega-algerie.com\/en\/wp-json\/wp\/v2\/pages\/4718\/revisions"}],"predecessor-version":[{"id":4892,"href":"https:\/\/www.promega-algerie.com\/en\/wp-json\/wp\/v2\/pages\/4718\/revisions\/4892"}],"wp:attachment":[{"href":"https:\/\/www.promega-algerie.com\/en\/wp-json\/wp\/v2\/media?parent=4718"}],"curies":[{"name":"wp","href":"https:\/\/api.w.org\/{rel}","templated":true}]}}