{"id":4716,"date":"2022-04-21T08:58:46","date_gmt":"2022-04-21T08:58:46","guid":{"rendered":"https:\/\/www.promega-algerie.com\/?page_id=4716"},"modified":"2022-05-05T08:21:14","modified_gmt":"2022-05-05T08:21:14","slug":"cuisine-black-fashion","status":"publish","type":"page","link":"https:\/\/www.promega-algerie.com\/en\/cuisine-black-fashion\/","title":{"rendered":"Cuisine BLACK FASHION"},"content":{"rendered":"<div data-elementor-type=\"wp-page\" data-elementor-id=\"4716\" class=\"elementor elementor-4716\" data-elementor-settings=\"[]\">\n\t\t\t\t\t\t\t<div class=\"elementor-section-wrap\">\n\t\t\t\t\t\t\t<section class=\"elementor-section elementor-top-section elementor-element elementor-element-2bd46408 elementor-section-boxed elementor-section-height-default elementor-section-height-default\" data-id=\"2bd46408\" data-element_type=\"section\">\n\t\t\t\t\t\t<div class=\"elementor-container elementor-column-gap-default\">\n\t\t\t\t\t<div class=\"elementor-column elementor-col-100 elementor-top-column elementor-element elementor-element-41174931 ot-flex-column-vertical\" data-id=\"41174931\" data-element_type=\"column\">\n\t\t\t<div class=\"elementor-widget-wrap elementor-element-populated\">\n\t\t\t\t\t\t\t\t<div class=\"elementor-element elementor-element-4ef5ee3 elementor-widget elementor-widget-spacer\" data-id=\"4ef5ee3\" data-element_type=\"widget\" data-widget_type=\"spacer.default\">\n\t\t\t\t<div class=\"elementor-widget-container\">\n\t\t\t\t\t<div class=\"elementor-spacer\">\n\t\t\t<div class=\"elementor-spacer-inner\"><\/div>\n\t\t<\/div>\n\t\t\t\t<\/div>\n\t\t\t\t<\/div>\n\t\t\t\t\t<\/div>\n\t\t<\/div>\n\t\t\t\t\t\t\t<\/div>\n\t\t<\/section>\n\t\t\t\t<section class=\"elementor-section elementor-top-section elementor-element elementor-element-14f41aaa elementor-section-boxed elementor-section-height-default elementor-section-height-default\" data-id=\"14f41aaa\" data-element_type=\"section\">\n\t\t\t\t\t\t<div class=\"elementor-container elementor-column-gap-default\">\n\t\t\t\t\t<div class=\"elementor-column elementor-col-100 elementor-top-column elementor-element elementor-element-bd3df39 ot-flex-column-vertical\" data-id=\"bd3df39\" data-element_type=\"column\">\n\t\t\t<div class=\"elementor-widget-wrap elementor-element-populated\">\n\t\t\t\t\t\t\t\t<div class=\"elementor-element elementor-element-a4f628f elementor-widget elementor-widget-spacer\" data-id=\"a4f628f\" data-element_type=\"widget\" data-widget_type=\"spacer.default\">\n\t\t\t\t<div class=\"elementor-widget-container\">\n\t\t\t\t\t<div class=\"elementor-spacer\">\n\t\t\t<div class=\"elementor-spacer-inner\"><\/div>\n\t\t<\/div>\n\t\t\t\t<\/div>\n\t\t\t\t<\/div>\n\t\t\t\t\t<\/div>\n\t\t<\/div>\n\t\t\t\t\t\t\t<\/div>\n\t\t<\/section>\n\t\t\t\t<section class=\"elementor-section elementor-top-section elementor-element elementor-element-26b365db elementor-section-boxed elementor-section-height-default elementor-section-height-default\" data-id=\"26b365db\" data-element_type=\"section\">\n\t\t\t\t\t\t<div class=\"elementor-container elementor-column-gap-default\">\n\t\t\t\t\t<div class=\"elementor-column elementor-col-50 elementor-top-column elementor-element elementor-element-547a32ce ot-flex-column-vertical\" data-id=\"547a32ce\" data-element_type=\"column\">\n\t\t\t<div class=\"elementor-widget-wrap elementor-element-populated\">\n\t\t\t\t\t\t\t\t<section class=\"elementor-section elementor-inner-section elementor-element elementor-element-481abffd elementor-section-boxed elementor-section-height-default elementor-section-height-default\" data-id=\"481abffd\" data-element_type=\"section\">\n\t\t\t\t\t\t<div class=\"elementor-container elementor-column-gap-default\">\n\t\t\t\t\t<div class=\"elementor-column elementor-col-100 elementor-inner-column elementor-element elementor-element-711d1ec6 ot-flex-column-vertical\" data-id=\"711d1ec6\" data-element_type=\"column\">\n\t\t\t<div class=\"elementor-widget-wrap elementor-element-populated\">\n\t\t\t\t\t\t\t\t<div class=\"elementor-element elementor-element-51c3a586 elementor-widget elementor-widget-heading\" data-id=\"51c3a586\" data-element_type=\"widget\" data-widget_type=\"heading.default\">\n\t\t\t\t<div class=\"elementor-widget-container\">\n\t\t\t<style>\/*! elementor - v3.5.4 - 23-01-2022 *\/\n.elementor-heading-title{padding:0;margin:0;line-height:1}.elementor-widget-heading .elementor-heading-title[class*=elementor-size-]>a{color:inherit;font-size:inherit;line-height:inherit}.elementor-widget-heading .elementor-heading-title.elementor-size-small{font-size:15px}.elementor-widget-heading .elementor-heading-title.elementor-size-medium{font-size:19px}.elementor-widget-heading .elementor-heading-title.elementor-size-large{font-size:29px}.elementor-widget-heading .elementor-heading-title.elementor-size-xl{font-size:39px}.elementor-widget-heading .elementor-heading-title.elementor-size-xxl{font-size:59px}<\/style><h2 class=\"elementor-heading-title elementor-size-default\">Cuisine BLACK FASHION<\/h2>\t\t<\/div>\n\t\t\t\t<\/div>\n\t\t\t\t\t<\/div>\n\t\t<\/div>\n\t\t\t\t\t\t\t<\/div>\n\t\t<\/section>\n\t\t\t\t<div class=\"elementor-element elementor-element-35d7f8b elementor-widget elementor-widget-spacer\" data-id=\"35d7f8b\" data-element_type=\"widget\" data-widget_type=\"spacer.default\">\n\t\t\t\t<div class=\"elementor-widget-container\">\n\t\t\t\t\t<div class=\"elementor-spacer\">\n\t\t\t<div class=\"elementor-spacer-inner\"><\/div>\n\t\t<\/div>\n\t\t\t\t<\/div>\n\t\t\t\t<\/div>\n\t\t\t\t<div class=\"elementor-element elementor-element-62b661a5 elementor-widget elementor-widget-text-editor\" data-id=\"62b661a5\" data-element_type=\"widget\" data-widget_type=\"text-editor.default\">\n\t\t\t\t<div class=\"elementor-widget-container\">\n\t\t\t<style>\/*! elementor - v3.5.4 - 23-01-2022 *\/\n.elementor-widget-text-editor.elementor-drop-cap-view-stacked .elementor-drop-cap{background-color:#818a91;color:#fff}.elementor-widget-text-editor.elementor-drop-cap-view-framed .elementor-drop-cap{color:#818a91;border:3px solid;background-color:transparent}.elementor-widget-text-editor:not(.elementor-drop-cap-view-default) .elementor-drop-cap{margin-top:8px}.elementor-widget-text-editor:not(.elementor-drop-cap-view-default) .elementor-drop-cap-letter{width:1em;height:1em}.elementor-widget-text-editor .elementor-drop-cap{float:left;text-align:center;line-height:1;font-size:50px}.elementor-widget-text-editor .elementor-drop-cap-letter{display:inline-block}<\/style>\t\t\t\t<p class=\"MsoNormal\">Toute la beaut\u00e9 du noir s\u2019est r\u00e9sum\u00e9 en cette cuisine, avec son ilot central et ses diff\u00e9rents rangements qui vous permettront d\u2019organiser astucieusement votre cuisine.<\/p>\t\t\t\t\t\t<\/div>\n\t\t\t\t<\/div>\n\t\t\t\t\t<\/div>\n\t\t<\/div>\n\t\t\t\t<div class=\"elementor-column elementor-col-50 elementor-top-column elementor-element elementor-element-0936376 ot-flex-column-vertical\" data-id=\"0936376\" data-element_type=\"column\">\n\t\t\t<div class=\"elementor-widget-wrap elementor-element-populated\">\n\t\t\t\t\t\t\t\t<div class=\"elementor-element elementor-element-7cf333b4 elementor-widget elementor-widget-image\" data-id=\"7cf333b4\" data-element_type=\"widget\" data-widget_type=\"image.default\">\n\t\t\t\t<div class=\"elementor-widget-container\">\n\t\t\t<style>\/*! elementor - v3.5.4 - 23-01-2022 *\/\n.elementor-widget-image{text-align:center}.elementor-widget-image a{display:inline-block}.elementor-widget-image a img[src$=\".svg\"]{width:48px}.elementor-widget-image img{vertical-align:middle;display:inline-block}<\/style>\t\t\t\t\t\t\t\t\t\t\t\t<img loading=\"lazy\" decoding=\"async\" width=\"564\" height=\"507\" src=\"https:\/\/www.promega-algerie.com\/wp-content\/uploads\/2022\/04\/blac-fashion.jpg\" class=\"attachment-full size-full\" alt=\"\" srcset=\"https:\/\/www.promega-algerie.com\/wp-content\/uploads\/2022\/04\/blac-fashion.jpg 564w, https:\/\/www.promega-algerie.com\/wp-content\/uploads\/2022\/04\/blac-fashion-300x270.jpg 300w, https:\/\/www.promega-algerie.com\/wp-content\/uploads\/2022\/04\/blac-fashion-13x12.jpg 13w\" sizes=\"auto, (max-width: 564px) 100vw, 564px\" \/>\t\t\t\t\t\t\t\t\t\t\t\t\t\t\t<\/div>\n\t\t\t\t<\/div>\n\t\t\t\t\t<\/div>\n\t\t<\/div>\n\t\t\t\t\t\t\t<\/div>\n\t\t<\/section>\n\t\t\t\t\t\t<\/div>\n\t\t\t\t\t<\/div>","protected":false},"excerpt":{"rendered":"<p>Cuisine BLACK FASHION Toute la beaut\u00e9 du noir s\u2019est r\u00e9sum\u00e9 en cette cuisine, avec son ilot central et ses diff\u00e9rents rangements qui vous permettront d\u2019organiser astucieusement votre cuisine.<\/p>","protected":false},"author":1,"featured_media":0,"parent":0,"menu_order":0,"comment_status":"closed","ping_status":"closed","template":"","meta":{"footnotes":""},"class_list":["post-4716","page","type-page","status-publish","hentry"],"_links":{"self":[{"href":"https:\/\/www.promega-algerie.com\/en\/wp-json\/wp\/v2\/pages\/4716","targetHints":{"allow":["GET"]}}],"collection":[{"href":"https:\/\/www.promega-algerie.com\/en\/wp-json\/wp\/v2\/pages"}],"about":[{"href":"https:\/\/www.promega-algerie.com\/en\/wp-json\/wp\/v2\/types\/page"}],"author":[{"embeddable":true,"href":"https:\/\/www.promega-algerie.com\/en\/wp-json\/wp\/v2\/users\/1"}],"replies":[{"embeddable":true,"href":"https:\/\/www.promega-algerie.com\/en\/wp-json\/wp\/v2\/comments?post=4716"}],"version-history":[{"count":10,"href":"https:\/\/www.promega-algerie.com\/en\/wp-json\/wp\/v2\/pages\/4716\/revisions"}],"predecessor-version":[{"id":4889,"href":"https:\/\/www.promega-algerie.com\/en\/wp-json\/wp\/v2\/pages\/4716\/revisions\/4889"}],"wp:attachment":[{"href":"https:\/\/www.promega-algerie.com\/en\/wp-json\/wp\/v2\/media?parent=4716"}],"curies":[{"name":"wp","href":"https:\/\/api.w.org\/{rel}","templated":true}]}}