{"id":4714,"date":"2022-04-21T08:58:33","date_gmt":"2022-04-21T08:58:33","guid":{"rendered":"https:\/\/www.promega-algerie.com\/?page_id=4714"},"modified":"2022-05-05T08:19:12","modified_gmt":"2022-05-05T08:19:12","slug":"cuisine-tendance","status":"publish","type":"page","link":"https:\/\/www.promega-algerie.com\/en\/cuisine-tendance\/","title":{"rendered":"Cuisine TENDANCE"},"content":{"rendered":"<div data-elementor-type=\"wp-page\" data-elementor-id=\"4714\" class=\"elementor elementor-4714\" data-elementor-settings=\"[]\">\n\t\t\t\t\t\t\t<div class=\"elementor-section-wrap\">\n\t\t\t\t\t\t\t<section class=\"elementor-section elementor-top-section elementor-element elementor-element-3bcdbe1 elementor-section-boxed elementor-section-height-default elementor-section-height-default\" data-id=\"3bcdbe1\" data-element_type=\"section\">\n\t\t\t\t\t\t<div class=\"elementor-container elementor-column-gap-default\">\n\t\t\t\t\t<div class=\"elementor-column elementor-col-100 elementor-top-column elementor-element elementor-element-4abc7edf ot-flex-column-vertical\" data-id=\"4abc7edf\" data-element_type=\"column\">\n\t\t\t<div class=\"elementor-widget-wrap elementor-element-populated\">\n\t\t\t\t\t\t\t\t<div class=\"elementor-element elementor-element-1aea5a80 elementor-widget elementor-widget-spacer\" data-id=\"1aea5a80\" data-element_type=\"widget\" data-widget_type=\"spacer.default\">\n\t\t\t\t<div class=\"elementor-widget-container\">\n\t\t\t\t\t<div class=\"elementor-spacer\">\n\t\t\t<div class=\"elementor-spacer-inner\"><\/div>\n\t\t<\/div>\n\t\t\t\t<\/div>\n\t\t\t\t<\/div>\n\t\t\t\t\t<\/div>\n\t\t<\/div>\n\t\t\t\t\t\t\t<\/div>\n\t\t<\/section>\n\t\t\t\t<section class=\"elementor-section elementor-top-section elementor-element elementor-element-73c95f5a elementor-section-boxed elementor-section-height-default elementor-section-height-default\" data-id=\"73c95f5a\" data-element_type=\"section\">\n\t\t\t\t\t\t<div class=\"elementor-container elementor-column-gap-default\">\n\t\t\t\t\t<div class=\"elementor-column elementor-col-100 elementor-top-column elementor-element elementor-element-305d2ec6 ot-flex-column-vertical\" data-id=\"305d2ec6\" data-element_type=\"column\">\n\t\t\t<div class=\"elementor-widget-wrap elementor-element-populated\">\n\t\t\t\t\t\t\t\t<div class=\"elementor-element elementor-element-241da1d elementor-widget elementor-widget-spacer\" data-id=\"241da1d\" data-element_type=\"widget\" data-widget_type=\"spacer.default\">\n\t\t\t\t<div class=\"elementor-widget-container\">\n\t\t\t\t\t<div class=\"elementor-spacer\">\n\t\t\t<div class=\"elementor-spacer-inner\"><\/div>\n\t\t<\/div>\n\t\t\t\t<\/div>\n\t\t\t\t<\/div>\n\t\t\t\t\t<\/div>\n\t\t<\/div>\n\t\t\t\t\t\t\t<\/div>\n\t\t<\/section>\n\t\t\t\t<section class=\"elementor-section elementor-top-section elementor-element elementor-element-167729e elementor-section-boxed elementor-section-height-default elementor-section-height-default\" data-id=\"167729e\" data-element_type=\"section\">\n\t\t\t\t\t\t<div class=\"elementor-container elementor-column-gap-default\">\n\t\t\t\t\t<div class=\"elementor-column elementor-col-50 elementor-top-column elementor-element elementor-element-b183f2d ot-flex-column-vertical\" data-id=\"b183f2d\" data-element_type=\"column\">\n\t\t\t<div class=\"elementor-widget-wrap elementor-element-populated\">\n\t\t\t\t\t\t\t\t<section class=\"elementor-section elementor-inner-section elementor-element elementor-element-2e3ca8ca elementor-section-boxed elementor-section-height-default elementor-section-height-default\" data-id=\"2e3ca8ca\" data-element_type=\"section\">\n\t\t\t\t\t\t<div class=\"elementor-container elementor-column-gap-default\">\n\t\t\t\t\t<div class=\"elementor-column elementor-col-100 elementor-inner-column elementor-element elementor-element-36ad310e ot-flex-column-vertical\" data-id=\"36ad310e\" data-element_type=\"column\">\n\t\t\t<div class=\"elementor-widget-wrap elementor-element-populated\">\n\t\t\t\t\t\t\t\t<div class=\"elementor-element elementor-element-1635a98 elementor-widget elementor-widget-heading\" data-id=\"1635a98\" data-element_type=\"widget\" data-widget_type=\"heading.default\">\n\t\t\t\t<div class=\"elementor-widget-container\">\n\t\t\t<style>\/*! elementor - v3.5.4 - 23-01-2022 *\/\n.elementor-heading-title{padding:0;margin:0;line-height:1}.elementor-widget-heading .elementor-heading-title[class*=elementor-size-]>a{color:inherit;font-size:inherit;line-height:inherit}.elementor-widget-heading .elementor-heading-title.elementor-size-small{font-size:15px}.elementor-widget-heading .elementor-heading-title.elementor-size-medium{font-size:19px}.elementor-widget-heading .elementor-heading-title.elementor-size-large{font-size:29px}.elementor-widget-heading .elementor-heading-title.elementor-size-xl{font-size:39px}.elementor-widget-heading .elementor-heading-title.elementor-size-xxl{font-size:59px}<\/style><h2 class=\"elementor-heading-title elementor-size-default\">Cuisine TENDANCE<\/h2>\t\t<\/div>\n\t\t\t\t<\/div>\n\t\t\t\t<div class=\"elementor-element elementor-element-2359566 elementor-widget elementor-widget-spacer\" data-id=\"2359566\" data-element_type=\"widget\" data-widget_type=\"spacer.default\">\n\t\t\t\t<div class=\"elementor-widget-container\">\n\t\t\t\t\t<div class=\"elementor-spacer\">\n\t\t\t<div class=\"elementor-spacer-inner\"><\/div>\n\t\t<\/div>\n\t\t\t\t<\/div>\n\t\t\t\t<\/div>\n\t\t\t\t\t<\/div>\n\t\t<\/div>\n\t\t\t\t\t\t\t<\/div>\n\t\t<\/section>\n\t\t\t\t<div class=\"elementor-element elementor-element-7c4fda8d elementor-widget elementor-widget-text-editor\" data-id=\"7c4fda8d\" data-element_type=\"widget\" data-widget_type=\"text-editor.default\">\n\t\t\t\t<div class=\"elementor-widget-container\">\n\t\t\t<style>\/*! elementor - v3.5.4 - 23-01-2022 *\/\n.elementor-widget-text-editor.elementor-drop-cap-view-stacked .elementor-drop-cap{background-color:#818a91;color:#fff}.elementor-widget-text-editor.elementor-drop-cap-view-framed .elementor-drop-cap{color:#818a91;border:3px solid;background-color:transparent}.elementor-widget-text-editor:not(.elementor-drop-cap-view-default) .elementor-drop-cap{margin-top:8px}.elementor-widget-text-editor:not(.elementor-drop-cap-view-default) .elementor-drop-cap-letter{width:1em;height:1em}.elementor-widget-text-editor .elementor-drop-cap{float:left;text-align:center;line-height:1;font-size:50px}.elementor-widget-text-editor .elementor-drop-cap-letter{display:inline-block}<\/style>\t\t\t\t<p>La classe et la modernit\u00e9 se sont fusionn\u00e9es dans cette cuisine sans poign\u00e9es et sans accessoires, la simplicit\u00e9 de sa conception et de ses espaces<\/p>\t\t\t\t\t\t<\/div>\n\t\t\t\t<\/div>\n\t\t\t\t\t<\/div>\n\t\t<\/div>\n\t\t\t\t<div class=\"elementor-column elementor-col-50 elementor-top-column elementor-element elementor-element-3c373d3 ot-flex-column-vertical\" data-id=\"3c373d3\" data-element_type=\"column\">\n\t\t\t<div class=\"elementor-widget-wrap elementor-element-populated\">\n\t\t\t\t\t\t\t\t<div class=\"elementor-element elementor-element-3ef86928 elementor-widget elementor-widget-image\" data-id=\"3ef86928\" data-element_type=\"widget\" data-widget_type=\"image.default\">\n\t\t\t\t<div class=\"elementor-widget-container\">\n\t\t\t<style>\/*! elementor - v3.5.4 - 23-01-2022 *\/\n.elementor-widget-image{text-align:center}.elementor-widget-image a{display:inline-block}.elementor-widget-image a img[src$=\".svg\"]{width:48px}.elementor-widget-image img{vertical-align:middle;display:inline-block}<\/style>\t\t\t\t\t\t\t\t\t\t\t\t<img loading=\"lazy\" decoding=\"async\" width=\"846\" height=\"846\" src=\"https:\/\/www.promega-algerie.com\/wp-content\/uploads\/2022\/04\/SELECT-06.jpg\" class=\"attachment-full size-full\" alt=\"\" srcset=\"https:\/\/www.promega-algerie.com\/wp-content\/uploads\/2022\/04\/SELECT-06.jpg 846w, https:\/\/www.promega-algerie.com\/wp-content\/uploads\/2022\/04\/SELECT-06-300x300.jpg 300w, https:\/\/www.promega-algerie.com\/wp-content\/uploads\/2022\/04\/SELECT-06-150x150.jpg 150w, https:\/\/www.promega-algerie.com\/wp-content\/uploads\/2022\/04\/SELECT-06-768x768.jpg 768w, https:\/\/www.promega-algerie.com\/wp-content\/uploads\/2022\/04\/SELECT-06-12x12.jpg 12w, https:\/\/www.promega-algerie.com\/wp-content\/uploads\/2022\/04\/SELECT-06-720x720.jpg 720w\" sizes=\"auto, (max-width: 846px) 100vw, 846px\" \/>\t\t\t\t\t\t\t\t\t\t\t\t\t\t\t<\/div>\n\t\t\t\t<\/div>\n\t\t\t\t\t<\/div>\n\t\t<\/div>\n\t\t\t\t\t\t\t<\/div>\n\t\t<\/section>\n\t\t\t\t\t\t<\/div>\n\t\t\t\t\t<\/div>","protected":false},"excerpt":{"rendered":"<p>Cuisine TENDANCE La classe et la modernit\u00e9 se sont fusionn\u00e9es dans cette cuisine sans poign\u00e9es et sans accessoires, la simplicit\u00e9 de sa conception et de ses espaces<\/p>","protected":false},"author":1,"featured_media":0,"parent":0,"menu_order":0,"comment_status":"closed","ping_status":"closed","template":"","meta":{"footnotes":""},"class_list":["post-4714","page","type-page","status-publish","hentry"],"_links":{"self":[{"href":"https:\/\/www.promega-algerie.com\/en\/wp-json\/wp\/v2\/pages\/4714","targetHints":{"allow":["GET"]}}],"collection":[{"href":"https:\/\/www.promega-algerie.com\/en\/wp-json\/wp\/v2\/pages"}],"about":[{"href":"https:\/\/www.promega-algerie.com\/en\/wp-json\/wp\/v2\/types\/page"}],"author":[{"embeddable":true,"href":"https:\/\/www.promega-algerie.com\/en\/wp-json\/wp\/v2\/users\/1"}],"replies":[{"embeddable":true,"href":"https:\/\/www.promega-algerie.com\/en\/wp-json\/wp\/v2\/comments?post=4714"}],"version-history":[{"count":11,"href":"https:\/\/www.promega-algerie.com\/en\/wp-json\/wp\/v2\/pages\/4714\/revisions"}],"predecessor-version":[{"id":4886,"href":"https:\/\/www.promega-algerie.com\/en\/wp-json\/wp\/v2\/pages\/4714\/revisions\/4886"}],"wp:attachment":[{"href":"https:\/\/www.promega-algerie.com\/en\/wp-json\/wp\/v2\/media?parent=4714"}],"curies":[{"name":"wp","href":"https:\/\/api.w.org\/{rel}","templated":true}]}}